{"id":191,"date":"2022-09-24T22:58:13","date_gmt":"2022-09-24T22:58:13","guid":{"rendered":"https:\/\/americanownstarcleaning.com\/?page_id=191"},"modified":"2022-10-09T23:26:04","modified_gmt":"2022-10-09T23:26:04","slug":"home","status":"publish","type":"page","link":"https:\/\/americanownstarcleaning.com\/es\/","title":{"rendered":"Inicio"},"content":{"rendered":"<h1 style=\"text-align: left;\">Limpiar no es algo f\u00e1cil, pero nosotros lo disfrutamos.<\/h1>\n<p style=\"text-align: left;\">\u00a1Haremos que cualquier lugar est\u00e9 limpio, ordenado y ordenado!<\/p>\n<p style=\"text-align: center;\">Nosotros<\/p>\n<h2 style=\"\">Disfrute de un gran servicio, una calidad excepcional y resultados sobresalientes.<\/h2>\n<p style=\"\">Somos una empresa familiar dedicada a hacer su vida m\u00e1s f\u00e1cil. Aqu\u00ed en American Ownstar nos esforzamos en hacer las cosas de una mejor manera, siempre dedicados a brindar servicios de alta calidad. Nos enorgullecemos de un enfoque profesional para cada cliente que servimos, brindando la mejor experiencia de limpieza posible.<\/p>\n<p style=\"\"><strong><span style=\"\"><span style=\"\">De confianza<\/span><\/span><\/strong><\/p>\n<p style=\"\"><strong><span style=\"\"><span style=\"\">Personal con experiencia<\/span><\/span><\/strong><\/p>\n<p style=\"\"><strong><span style=\"\"><span style=\"\">Flexible<\/span><\/span><\/strong><\/p>\n<p style=\"text-align: center;\">Beneficios<\/p>\n<h2 style=\"text-align: center;\">Brindando el mejor servicio<\/h2>\n<p style=\"text-align: center;\">H\u00e1biles y capaces<\/p>\n<p style=\"text-align: center;\">Tenemos experiencia, conocimiento, motivaci\u00f3n, equipo y mano de obra para atender sus necesidades.<\/p>\n<p style=\"text-align: center;\">Calidad garantizada<\/p>\n<p style=\"text-align: center;\">Estamos dedicados al servicio al cliente y creemos que nuestra empresa puede brindar un servicio de calidad a precios competitivos.<\/p>\n<p style=\"text-align: center;\">Amplia experiencia<\/p>\n<p style=\"text-align: center;\">La honestidad es ante todo la directriz de nuestra empresa. Nos tomaremos el tiempo necesario para ayudar a nuestros clientes a comprender el producto y el proceso involucrado en sus proyectos.<\/p>\n<p style=\"text-align: center;\">Servicios<\/p>\n<h2 style=\"text-align: center;\">Conf\u00eda en nosotros en tus necesidades de limpieza.<\/h2>\n<p><span style=\"\"><img decoding=\"async\" alt=\"\" data-id=\"327\" width=\"247\" height=\"185\" title=\"Office Cleaning-min\" src=\"https:\/\/americanownstarcleaning.com\/wp-content\/uploads\/2022\/10\/Office-Cleaning-min.png\" style=\"\" mt-d=\"0\" center-v-d=\"false\" mt-t=\"-43\" data-width=\"247\" data-height=\"185\" data-init-width=\"1024\" data-init-height=\"768\" loading=\"lazy\" ml-d=\"0\" mt-m=\"0\" center-v-m=\"false\"><\/span><\/p>\n<p style=\"\">Limpieza de oficinas<\/p>\n<p style=\"\">Asegurando que su espacio profesional brille e impresione a sus clientes y empleados por igual. Ya sea que administre una peque\u00f1a empresa o sea parte de una gran corporaci\u00f3n, asegurarse de que sus oficinas se mantengan limpias y ordenadas ayuda a crear una primera impresi\u00f3n positiva y mejora la moral de los empleados.<\/p>\n<p><span style=\"\"><img decoding=\"async\" alt=\"\" data-id=\"325\" width=\"247\" height=\"185\" title=\"Janitorial Services-min\" src=\"https:\/\/americanownstarcleaning.com\/wp-content\/uploads\/2022\/10\/Janitorial-Services-min.png\" style=\"\" mt-d=\"0\" mt-t=\"-43\" center-v-d=\"false\" data-width=\"247\" data-height=\"185\" data-init-width=\"1024\" data-init-height=\"768\" loading=\"lazy\" ml-d=\"0\" mt-m=\"0\" center-v-m=\"true\"><\/span><\/p>\n<p style=\"\">Servicios de limpieza<\/p>\n<p style=\"\">Our service handles all your cleaning tasks: large and small.&nbsp;<\/p>\n<p><span style=\"\"><img decoding=\"async\" alt=\"\" data-id=\"326\" width=\"247\" height=\"185\" title=\"Move Out Cleaning-min\" src=\"https:\/\/americanownstarcleaning.com\/wp-content\/uploads\/2022\/10\/Move-Out-Cleaning-min.png\" mt-t=\"-43\" style=\"\" mt-d=\"0\" center-v-d=\"false\" data-width=\"247\" data-height=\"185\" data-init-width=\"1024\" data-init-height=\"768\" ml-d=\"0\" loading=\"lazy\" mt-m=\"0\" center-v-m=\"false\"><\/span><\/p>\n<p>Limpieza de mudanzas<\/p>\n<p style=\"\">Ya sea que est\u00e9 alquilando su casa o apartamento y espera recuperar su dep\u00f3sito, o si es due\u00f1o de una propiedad preparando el espacio para los pr\u00f3ximos habitantes, es importante estar al tanto de la limpieza.&nbsp;<\/p>\n<p><span style=\"\"><img decoding=\"async\" alt=\"\" data-id=\"330\" width=\"247\" height=\"185\" title=\"Comercial Cleaning-min\" src=\"https:\/\/americanownstarcleaning.com\/wp-content\/uploads\/2022\/10\/Comercial-Cleaning-min.png\" mt-t=\"-43\" style=\"\" mt-d=\"0\" center-v-d=\"false\" data-width=\"247\" data-height=\"185\" data-init-width=\"1024\" data-init-height=\"768\" ml-d=\"0\" loading=\"lazy\" mt-m=\"0\" center-v-m=\"false\"><\/span><\/p>\n<p style=\"\">Limpieza Comercial<\/p>\n<p style=\"\">Acabe con las bacterias en su tienda, restaurante u oficina con nuestro servicio, que va m\u00e1s all\u00e1 del alcance de un servicio de limpieza est\u00e1ndar.<\/p>\n<p><span style=\"\"><img decoding=\"async\" alt=\"\" data-id=\"333\" width=\"247\" height=\"185\" title=\"Home Cleaning-min\" src=\"https:\/\/americanownstarcleaning.com\/wp-content\/uploads\/2022\/10\/Home-Cleaning-min.png\" style=\"\" mt-d=\"-0.8500000000000227\" center-v-d=\"false\" mt-t=\"-43\" data-width=\"247\" data-height=\"185\" data-init-width=\"1024\" data-init-height=\"768\" loading=\"lazy\" ml-d=\"0\" mt-m=\"0\" center-v-m=\"false\" center-h-d=\"false\"><\/span><\/p>\n<p style=\"\">Limpieza del hogar<\/p>\n<p style=\"\">Servicio de limpieza a buen precio sin dejar de tener la confianza de que ser\u00e1 completa y profesional.<\/p>\n<p><span style=\"\"><img decoding=\"async\" alt=\"\" data-id=\"331\" width=\"247\" height=\"185\" title=\"Construction Clean Up-min\" src=\"https:\/\/americanownstarcleaning.com\/wp-content\/uploads\/2022\/10\/Construction-Clean-Up-min.png\" style=\"\" mt-d=\"0\" mt-t=\"-43\" center-v-d=\"false\" data-width=\"247\" data-height=\"185\" data-init-width=\"1024\" data-init-height=\"768\" loading=\"lazy\" ml-d=\"0\" mt-m=\"0\" center-v-m=\"false\"><\/span><\/p>\n<p style=\"\">Limpieza de la construcci\u00f3n<\/p>\n<p style=\"\">Despu\u00e9s de concluida la construcci\u00f3n de su propiedad, nosotros nos encargamos de toda la limpieza necesaria de su proyecto.&nbsp;<\/p>\n<p><span style=\"\"><img decoding=\"async\" alt=\"\" data-id=\"332\" width=\"247\" height=\"185\" title=\"Deep Cleaning-min\" src=\"https:\/\/americanownstarcleaning.com\/wp-content\/uploads\/2022\/10\/Deep-Cleaning-min.png\" mt-t=\"-43\" style=\"\" mt-d=\"0\" center-v-d=\"false\" data-width=\"247\" data-height=\"185\" data-init-width=\"1024\" data-init-height=\"768\" ml-d=\"0\" loading=\"lazy\" mt-m=\"0\" center-v-m=\"false\" center-h-d=\"false\" ml-m=\"0\"><\/span><\/p>\n<p>Limpieza profunda<\/p>\n<p style=\"\">A deep clean is the best way to ensure that your house or business starts spotless and stays that way. Over time, parts of your home \u2013 particularly kitchens and bathrooms \u2013 can accumulate layers of dirt, grease, and grime that a regular cleaning just can&#8217;t handle.<\/p>\n<p><span style=\"\"><img decoding=\"async\" alt=\"\" data-id=\"329\" width=\"247\" height=\"185\" title=\"Cleaning Special Request-min\" src=\"https:\/\/americanownstarcleaning.com\/wp-content\/uploads\/2022\/10\/Cleaning-Special-Request-min.png\" mt-t=\"-43\" style=\"\" mt-d=\"0\" center-v-d=\"false\" data-width=\"247\" data-height=\"185\" data-init-width=\"1024\" data-init-height=\"768\" ml-d=\"0\" loading=\"lazy\" mt-m=\"0\" center-v-m=\"false\" ml-m=\"0\"><\/span><\/p>\n<p style=\"\">Solicitud especial de limpieza<\/p>\n<p style=\"\">Ofrecemos servicios de limpieza a medida para necesidades especiales. &nbsp;<\/p>\n<p><span style=\"\"><img decoding=\"async\" alt=\"\" data-id=\"328\" width=\"247\" height=\"185\" title=\"Pressure washer-min\" src=\"https:\/\/americanownstarcleaning.com\/wp-content\/uploads\/2022\/10\/Pressure-washer-min.png\" style=\"\" mt-d=\"-0.8500000000000227\" center-v-d=\"false\" mt-t=\"-43\" data-width=\"247\" data-height=\"185\" data-init-width=\"1024\" data-init-height=\"768\" loading=\"lazy\" ml-d=\"0\" mt-m=\"0\" center-v-m=\"false\" center-h-d=\"false\" ml-m=\"0\"><\/span><\/p>\n<p style=\"\">Lavado a presi\u00f3n<\/p>\n<p style=\"\">El lavado a presi\u00f3n de pisos, revestimientos, entrada de veh\u00edculos y otras \u00e1reas exteriores alrededor de su hogar, puede eliminar de forma r\u00e1pida y eficaz la suciedad, los sedimentos y otros desechos acumulados.<\/p>\n<p><span style=\"\"><img decoding=\"async\" alt=\"\" data-id=\"324\" width=\"247\" height=\"185\" title=\"Home organizer-min\" src=\"https:\/\/americanownstarcleaning.com\/wp-content\/uploads\/2022\/10\/Home-organizer-min.png\" style=\"\" mt-d=\"0\" mt-t=\"-43\" center-v-d=\"false\" data-width=\"247\" data-height=\"185\" data-init-width=\"1024\" data-init-height=\"768\" loading=\"lazy\" ml-d=\"0\" mt-m=\"0\" center-v-m=\"false\"><\/span><\/p>\n<p style=\"\">Organizaci\u00f3n del hogar<\/p>\n<p style=\"\">Aprovecha al m\u00e1ximo tu espacio organizando ropa, despensa, armarios, libros, etc.<\/p>\n<p style=\"text-align: center;\">Contacto<\/p>\n<h2 style=\"text-align: center;\">\u00a1Hablemos de tu necesidad y descubre todas las soluciones que tenemos para ti!<\/h2>","protected":false},"excerpt":{"rendered":"<p>Cleaning is not an easy thing, but we enjoy tidying up a lot. We will make any place clean, neat and tidy! About us Enjoy great service, exceptional quality, and outstanding results. We\u2019re family business dedicated to making your life easier! Here at American Ownstar we strive in doing things a better way dedicated to [&hellip;]<\/p>","protected":false},"author":1,"featured_media":0,"parent":0,"menu_order":0,"comment_status":"closed","ping_status":"closed","template":"","meta":{"footnotes":""},"class_list":["post-191","page","type-page","status-publish","hentry","post-wrapper","thrv_wrapper"],"yoast_head":"<!-- This site is optimized with the Yoast SEO plugin v24.9 - https:\/\/yoast.com\/wordpress\/plugins\/seo\/ -->\n<title>Home - American Ownstar Cleaning<\/title>\n<meta name=\"robots\" content=\"index, follow, max-snippet:-1, max-image-preview:large, max-video-preview:-1\" \/>\n<link rel=\"canonical\" href=\"https:\/\/americanownstarcleaning.com\/es\/\" \/>\n<meta property=\"og:locale\" content=\"es_MX\" \/>\n<meta property=\"og:type\" content=\"article\" \/>\n<meta property=\"og:title\" content=\"Home - American Ownstar Cleaning\" \/>\n<meta property=\"og:description\" content=\"Cleaning is not an easy thing, but we enjoy tidying up a lot. We will make any place clean, neat and tidy! About us Enjoy great service, exceptional quality, and outstanding results. We\u2019re family business dedicated to making your life easier! Here at American Ownstar we strive in doing things a better way dedicated to [&hellip;]\" \/>\n<meta property=\"og:url\" content=\"https:\/\/americanownstarcleaning.com\/es\/\" \/>\n<meta property=\"og:site_name\" content=\"American Ownstar Cleaning\" \/>\n<meta property=\"article:publisher\" content=\"https:\/\/www.facebook.com\/Americanownstarcleaning-103039912584837\" \/>\n<meta property=\"article:modified_time\" content=\"2022-10-09T23:26:04+00:00\" \/>\n<meta property=\"og:image\" content=\"https:\/\/americanownstarcleaning.com\/wp-content\/uploads\/2022\/10\/Office-Cleaning-min.png\" \/>\n<meta name=\"twitter:card\" content=\"summary_large_image\" \/>\n<meta name=\"twitter:label1\" content=\"Tiempo de lectura\" \/>\n\t<meta name=\"twitter:data1\" content=\"2 minutos\" \/>\n<script type=\"application\/ld+json\" class=\"yoast-schema-graph\">{\"@context\":\"https:\/\/schema.org\",\"@graph\":[{\"@type\":\"WebPage\",\"@id\":\"https:\/\/americanownstarcleaning.com\/\",\"url\":\"https:\/\/americanownstarcleaning.com\/\",\"name\":\"Home - American Ownstar Cleaning\",\"isPartOf\":{\"@id\":\"https:\/\/americanownstarcleaning.com\/#website\"},\"primaryImageOfPage\":{\"@id\":\"https:\/\/americanownstarcleaning.com\/#primaryimage\"},\"image\":{\"@id\":\"https:\/\/americanownstarcleaning.com\/#primaryimage\"},\"thumbnailUrl\":\"https:\/\/americanownstarcleaning.com\/wp-content\/uploads\/2022\/10\/Office-Cleaning-min.png\",\"datePublished\":\"2022-09-24T22:58:13+00:00\",\"dateModified\":\"2022-10-09T23:26:04+00:00\",\"breadcrumb\":{\"@id\":\"https:\/\/americanownstarcleaning.com\/#breadcrumb\"},\"inLanguage\":\"es\",\"potentialAction\":[{\"@type\":\"ReadAction\",\"target\":[\"https:\/\/americanownstarcleaning.com\/\"]}]},{\"@type\":\"ImageObject\",\"inLanguage\":\"es\",\"@id\":\"https:\/\/americanownstarcleaning.com\/#primaryimage\",\"url\":\"https:\/\/americanownstarcleaning.com\/wp-content\/uploads\/2022\/10\/Office-Cleaning-min.png\",\"contentUrl\":\"https:\/\/americanownstarcleaning.com\/wp-content\/uploads\/2022\/10\/Office-Cleaning-min.png\"},{\"@type\":\"BreadcrumbList\",\"@id\":\"https:\/\/americanownstarcleaning.com\/#breadcrumb\",\"itemListElement\":[{\"@type\":\"ListItem\",\"position\":1,\"name\":\"Home\",\"item\":\"https:\/\/americanownstarcleaning.com\/\"},{\"@type\":\"ListItem\",\"position\":2,\"name\":\"Home\"}]},{\"@type\":\"WebSite\",\"@id\":\"https:\/\/americanownstarcleaning.com\/#website\",\"url\":\"https:\/\/americanownstarcleaning.com\/\",\"name\":\"American Ownstar Cleaning\",\"description\":\"Cleaning Solutions\",\"publisher\":{\"@id\":\"https:\/\/americanownstarcleaning.com\/#organization\"},\"potentialAction\":[{\"@type\":\"SearchAction\",\"target\":{\"@type\":\"EntryPoint\",\"urlTemplate\":\"https:\/\/americanownstarcleaning.com\/?s={search_term_string}\"},\"query-input\":{\"@type\":\"PropertyValueSpecification\",\"valueRequired\":true,\"valueName\":\"search_term_string\"}}],\"inLanguage\":\"es\"},{\"@type\":\"Organization\",\"@id\":\"https:\/\/americanownstarcleaning.com\/#organization\",\"name\":\"American Ownstar Cleaning\",\"url\":\"https:\/\/americanownstarcleaning.com\/\",\"logo\":{\"@type\":\"ImageObject\",\"inLanguage\":\"es\",\"@id\":\"https:\/\/americanownstarcleaning.com\/#\/schema\/logo\/image\/\",\"url\":\"https:\/\/americanownstarcleaning.com\/wp-content\/uploads\/2022\/09\/americanownstarcleaning-logo1-e1664062916942.png\",\"contentUrl\":\"https:\/\/americanownstarcleaning.com\/wp-content\/uploads\/2022\/09\/americanownstarcleaning-logo1-e1664062916942.png\",\"width\":937,\"height\":362,\"caption\":\"American Ownstar Cleaning\"},\"image\":{\"@id\":\"https:\/\/americanownstarcleaning.com\/#\/schema\/logo\/image\/\"},\"sameAs\":[\"https:\/\/www.facebook.com\/Americanownstarcleaning-103039912584837\",\"https:\/\/www.instagram.com\/americanownstarcleaning\/\"]}]}<\/script>\n<!-- \/ Yoast SEO plugin. -->","yoast_head_json":{"title":"Home - American Ownstar Cleaning","robots":{"index":"index","follow":"follow","max-snippet":"max-snippet:-1","max-image-preview":"max-image-preview:large","max-video-preview":"max-video-preview:-1"},"canonical":"https:\/\/americanownstarcleaning.com\/es\/","og_locale":"es_MX","og_type":"article","og_title":"Home - American Ownstar Cleaning","og_description":"Cleaning is not an easy thing, but we enjoy tidying up a lot. We will make any place clean, neat and tidy! About us Enjoy great service, exceptional quality, and outstanding results. We\u2019re family business dedicated to making your life easier! Here at American Ownstar we strive in doing things a better way dedicated to [&hellip;]","og_url":"https:\/\/americanownstarcleaning.com\/es\/","og_site_name":"American Ownstar Cleaning","article_publisher":"https:\/\/www.facebook.com\/Americanownstarcleaning-103039912584837","article_modified_time":"2022-10-09T23:26:04+00:00","og_image":[{"url":"https:\/\/americanownstarcleaning.com\/wp-content\/uploads\/2022\/10\/Office-Cleaning-min.png","type":"","width":"","height":""}],"twitter_card":"summary_large_image","twitter_misc":{"Tiempo de lectura":"2 minutos"},"schema":{"@context":"https:\/\/schema.org","@graph":[{"@type":"WebPage","@id":"https:\/\/americanownstarcleaning.com\/","url":"https:\/\/americanownstarcleaning.com\/","name":"Home - American Ownstar Cleaning","isPartOf":{"@id":"https:\/\/americanownstarcleaning.com\/#website"},"primaryImageOfPage":{"@id":"https:\/\/americanownstarcleaning.com\/#primaryimage"},"image":{"@id":"https:\/\/americanownstarcleaning.com\/#primaryimage"},"thumbnailUrl":"https:\/\/americanownstarcleaning.com\/wp-content\/uploads\/2022\/10\/Office-Cleaning-min.png","datePublished":"2022-09-24T22:58:13+00:00","dateModified":"2022-10-09T23:26:04+00:00","breadcrumb":{"@id":"https:\/\/americanownstarcleaning.com\/#breadcrumb"},"inLanguage":"es","potentialAction":[{"@type":"ReadAction","target":["https:\/\/americanownstarcleaning.com\/"]}]},{"@type":"ImageObject","inLanguage":"es","@id":"https:\/\/americanownstarcleaning.com\/#primaryimage","url":"https:\/\/americanownstarcleaning.com\/wp-content\/uploads\/2022\/10\/Office-Cleaning-min.png","contentUrl":"https:\/\/americanownstarcleaning.com\/wp-content\/uploads\/2022\/10\/Office-Cleaning-min.png"},{"@type":"BreadcrumbList","@id":"https:\/\/americanownstarcleaning.com\/#breadcrumb","itemListElement":[{"@type":"ListItem","position":1,"name":"Home","item":"https:\/\/americanownstarcleaning.com\/"},{"@type":"ListItem","position":2,"name":"Home"}]},{"@type":"WebSite","@id":"https:\/\/americanownstarcleaning.com\/#website","url":"https:\/\/americanownstarcleaning.com\/","name":"American Ownstar Cleaning","description":"Cleaning Solutions","publisher":{"@id":"https:\/\/americanownstarcleaning.com\/#organization"},"potentialAction":[{"@type":"SearchAction","target":{"@type":"EntryPoint","urlTemplate":"https:\/\/americanownstarcleaning.com\/?s={search_term_string}"},"query-input":{"@type":"PropertyValueSpecification","valueRequired":true,"valueName":"search_term_string"}}],"inLanguage":"es"},{"@type":"Organization","@id":"https:\/\/americanownstarcleaning.com\/#organization","name":"American Ownstar Cleaning","url":"https:\/\/americanownstarcleaning.com\/","logo":{"@type":"ImageObject","inLanguage":"es","@id":"https:\/\/americanownstarcleaning.com\/#\/schema\/logo\/image\/","url":"https:\/\/americanownstarcleaning.com\/wp-content\/uploads\/2022\/09\/americanownstarcleaning-logo1-e1664062916942.png","contentUrl":"https:\/\/americanownstarcleaning.com\/wp-content\/uploads\/2022\/09\/americanownstarcleaning-logo1-e1664062916942.png","width":937,"height":362,"caption":"American Ownstar Cleaning"},"image":{"@id":"https:\/\/americanownstarcleaning.com\/#\/schema\/logo\/image\/"},"sameAs":["https:\/\/www.facebook.com\/Americanownstarcleaning-103039912584837","https:\/\/www.instagram.com\/americanownstarcleaning\/"]}]}},"_links":{"self":[{"href":"https:\/\/americanownstarcleaning.com\/es\/wp-json\/wp\/v2\/pages\/191","targetHints":{"allow":["GET"]}}],"collection":[{"href":"https:\/\/americanownstarcleaning.com\/es\/wp-json\/wp\/v2\/pages"}],"about":[{"href":"https:\/\/americanownstarcleaning.com\/es\/wp-json\/wp\/v2\/types\/page"}],"author":[{"embeddable":true,"href":"https:\/\/americanownstarcleaning.com\/es\/wp-json\/wp\/v2\/users\/1"}],"replies":[{"embeddable":true,"href":"https:\/\/americanownstarcleaning.com\/es\/wp-json\/wp\/v2\/comments?post=191"}],"version-history":[{"count":65,"href":"https:\/\/americanownstarcleaning.com\/es\/wp-json\/wp\/v2\/pages\/191\/revisions"}],"predecessor-version":[{"id":370,"href":"https:\/\/americanownstarcleaning.com\/es\/wp-json\/wp\/v2\/pages\/191\/revisions\/370"}],"wp:attachment":[{"href":"https:\/\/americanownstarcleaning.com\/es\/wp-json\/wp\/v2\/media?parent=191"}],"curies":[{"name":"wp","href":"https:\/\/api.w.org\/{rel}","templated":true}]}}